{"id":1,"date":"2021-05-06T15:04:17","date_gmt":"2021-05-06T13:04:17","guid":{"rendered":"https:\/\/845qhd.podcaster.de\/podcasts\/"},"modified":"2021-05-26T12:12:54","modified_gmt":"2021-05-26T10:12:54","slug":"podcasts","status":"publish","type":"page","link":"https:\/\/sophiensaele.podcaster.de\/index.php\/podcasts\/","title":{"rendered":"\u00dcber die Sophiens\u00e6le"},"content":{"rendered":"\n<figure class=\"wp-block-image size-large is-style-default\"><img loading=\"lazy\" decoding=\"async\" width=\"1024\" height=\"681\" src=\"https:\/\/sophiensaele.podcaster.de\/files\/2021\/05\/Hintergrundbild_klein-1024x681.jpg\" alt=\"Foto vom Hof der Sophiensaele bei Tag aus Perspektive des Torbogens. Den Hof umringen auf drei Seiten die hohen Backsteinfassaden. Etwas erh\u00f6ht h\u00e4ngt der Leuchtschriftzug &quot;Sophiensaele&quot;. Links sieht man das Kassenschild.\" class=\"wp-image-160\" srcset=\"https:\/\/sophiensaele.podcaster.de\/files\/2021\/05\/Hintergrundbild_klein-1024x681.jpg 1024w, https:\/\/sophiensaele.podcaster.de\/files\/2021\/05\/Hintergrundbild_klein-300x200.jpg 300w, https:\/\/sophiensaele.podcaster.de\/files\/2021\/05\/Hintergrundbild_klein-768x511.jpg 768w, https:\/\/sophiensaele.podcaster.de\/files\/2021\/05\/Hintergrundbild_klein-451x300.jpg 451w, https:\/\/sophiensaele.podcaster.de\/files\/2021\/05\/Hintergrundbild_klein.jpg 1200w\" sizes=\"auto, (max-width: 1024px) 100vw, 1024px\" \/><figcaption>Hof der Sophiens\u00e6le, Foto: Fabian Stemmer<\/figcaption><\/figure>\n\n\n\n<p>Die Sophiens\u00e6le sind eine Produktions- und Spielst\u00e4tte f\u00fcr die freien darstellenden K\u00fcnste. Hier produzieren und pr\u00e4sentieren K\u00fcnstler*innen und Gruppen aus Berlin sowie aus der nationalen und internationalen Szene innovative und experimentelle k\u00fcnstlerische Konzepte, \u00c4sthetiken, Stile und Formate. Auf dem Spielplan stehen Tanz, Performance, Theater, Musiktheater und diskursive Formate. Als ein Ort, der sich als offen und aufgeschlossen versteht, suchen die Sophiens\u00e6le intensiven Kontakt mit K\u00fcnstler*innen, Publikum und den Austausch \u00fcber gesellschaftlich relevante Themen. Neben dem Fokus auf Nachwuchsf\u00f6rderung arbeiten viele renommierte Kompanien und K\u00fcnstler*innen in langj\u00e4hrigen Kooperationen am Haus. Die Sophiensaele pr\u00e4sentieren \u00fcber 100 Projekte j\u00e4hrlich und sind Spielst\u00e4tte verschiedener hauseigener und -externer Festivals.<\/p>\n","protected":false},"excerpt":{"rendered":"<p>Die Sophiens\u00e6le sind eine Produktions- und Spielst\u00e4tte f\u00fcr die freien darstellenden K\u00fcnste. Hier produzieren und pr\u00e4sentieren K\u00fcnstler*innen und Gruppen aus Berlin sowie aus der nationalen und internationalen Szene innovative und experimentelle k\u00fcnstlerische Konzepte, \u00c4sthetiken, Stile und Formate. Auf dem Spielplan &hellip; <a href=\"https:\/\/sophiensaele.podcaster.de\/index.php\/podcasts\/\">Weiterlesen <span class=\"meta-nav\">&rarr;<\/span><\/a><\/p>\n","protected":false},"author":0,"featured_media":138,"parent":0,"menu_order":99,"comment_status":"closed","ping_status":"closed","template":"podcastlist.php","meta":{"enclosure":"","podcast_author":"","podcast_copyright":"","podcast_website":"","podcast_logo":"","footnotes":""},"class_list":["post-1","page","type-page","status-publish","has-post-thumbnail","hentry"],"jetpack_sharing_enabled":true,"_links":{"self":[{"href":"https:\/\/sophiensaele.podcaster.de\/index.php\/wp-json\/wp\/v2\/pages\/1","targetHints":{"allow":["GET"]}}],"collection":[{"href":"https:\/\/sophiensaele.podcaster.de\/index.php\/wp-json\/wp\/v2\/pages"}],"about":[{"href":"https:\/\/sophiensaele.podcaster.de\/index.php\/wp-json\/wp\/v2\/types\/page"}],"replies":[{"embeddable":true,"href":"https:\/\/sophiensaele.podcaster.de\/index.php\/wp-json\/wp\/v2\/comments?post=1"}],"version-history":[{"count":6,"href":"https:\/\/sophiensaele.podcaster.de\/index.php\/wp-json\/wp\/v2\/pages\/1\/revisions"}],"predecessor-version":[{"id":164,"href":"https:\/\/sophiensaele.podcaster.de\/index.php\/wp-json\/wp\/v2\/pages\/1\/revisions\/164"}],"wp:featuredmedia":[{"embeddable":true,"href":"https:\/\/sophiensaele.podcaster.de\/index.php\/wp-json\/wp\/v2\/media\/138"}],"wp:attachment":[{"href":"https:\/\/sophiensaele.podcaster.de\/index.php\/wp-json\/wp\/v2\/media?parent=1"}],"curies":[{"name":"wp","href":"https:\/\/api.w.org\/{rel}","templated":true}]}}