{"id":4,"date":"2021-05-06T13:04:18","date_gmt":"2021-05-06T13:04:18","guid":{"rendered":"https:\/\/845qhd.podcaster.de\/?page_id=2"},"modified":"2021-05-26T12:23:37","modified_gmt":"2021-05-26T10:23:37","slug":"impressum","status":"publish","type":"page","link":"https:\/\/sophiensaele.podcaster.de\/index.php\/impressum\/","title":{"rendered":"Impressum"},"content":{"rendered":"<p><strong>SOPHIENS\u00c6LE GMBH<\/strong><br \/>Sophienstr. 18<br \/>10178 Berlin<br \/><a href=\"mailto:info@sophiensaele.com\">verwaltung@sophiensaele.com<\/a><\/p>\n<p><strong>GESCH\u00c4FTSF\u00dcHRUNG<br \/><\/strong>Kerstin M\u00fcller<\/p>\n<p><strong>GESELLSCHAFTER<\/strong><br \/>Jochen Sandig, Sasha Waltz, Amelie Deuflhard<\/p>\n<p><strong>STEUER-NR<\/strong><br \/>30\/538\/31213, Finanzamt f\u00fcr K\u00f6rperschaften IV<\/p>\n<p><strong>HAFTUNGSAUSSCHLUSS UND COPYRIGHT<\/strong><br \/>Die Sophiens\u00e6le aktualisieren und erg\u00e4nzen regelm\u00e4\u00dfig die Informationen auf diesen Webseiten. Die Informationen wurden sorgf\u00e4ltig recherchiert und gewissenhaft zusammengestellt. Trotzdem k\u00f6nnen sich die Daten zwischenzeitlich ver\u00e4ndert haben. Deshalb kann eine Haftung oder Garantie f\u00fcr die Aktualit\u00e4t, Richtigkeit und Vollst\u00e4ndigkeit der zur Verf\u00fcgung gestellten Informationen &#8211; insbesondere fremder Informationen &#8211; nicht \u00fcbernommen werden, sofern die Unvollst\u00e4ndigkeit oder Unrichtigkeit nicht auf Vorsatz oder grober Fahrl\u00e4ssigkeit der der Sophiens\u00e6le beruht.<\/p>\n<p>Die Sophiens\u00e6le sind nicht f\u00fcr die Inhalte von Webseiten, auf die mittels Hyperlink verwiesen wird, verantwortlich. F\u00fcr diese Webseiten \u00fcbernehmen die Sophiensaele keine Haftung oder Garantie. Inhalt, Struktur und Gestaltung der homepage der sophiens\u00e6le sind urheberrechtlich gesch\u00fctzt. Auf diesen Webseiten zur Verf\u00fcgung gestellte Texte, Textteile, Grafiken, Tabellen oder Bildmaterialien, ihr Inhalt und ihre Kopien d\u00fcrfen ohne vorherige Zustimmung von Seiten der Sophiens\u00e6le auf keine Art ver\u00e4ndert, nicht vervielf\u00e4ltigt oder an Dritte verteilt oder \u00fcbermittelt werden.<\/p>\n\n\n<p><\/p>\n","protected":false},"excerpt":{"rendered":"<p>SOPHIENS\u00c6LE GMBHSophienstr. 1810178 Berlinverwaltung@sophiensaele.com GESCH\u00c4FTSF\u00dcHRUNGKerstin M\u00fcller GESELLSCHAFTERJochen Sandig, Sasha Waltz, Amelie Deuflhard STEUER-NR30\/538\/31213, Finanzamt f\u00fcr K\u00f6rperschaften IV HAFTUNGSAUSSCHLUSS UND COPYRIGHTDie Sophiens\u00e6le aktualisieren und erg\u00e4nzen regelm\u00e4\u00dfig die Informationen auf diesen Webseiten. Die Informationen wurden sorgf\u00e4ltig recherchiert und gewissenhaft zusammengestellt. Trotzdem k\u00f6nnen &hellip; <a href=\"https:\/\/sophiensaele.podcaster.de\/index.php\/impressum\/\">Weiterlesen <span class=\"meta-nav\">&rarr;<\/span><\/a><\/p>\n","protected":false},"author":11750,"featured_media":0,"parent":0,"menu_order":100,"comment_status":"closed","ping_status":"open","template":"","meta":{"enclosure":"","podcast_author":"","podcast_copyright":"","podcast_website":"","podcast_logo":"","footnotes":""},"class_list":["post-4","page","type-page","status-publish","hentry"],"jetpack_sharing_enabled":true,"_links":{"self":[{"href":"https:\/\/sophiensaele.podcaster.de\/index.php\/wp-json\/wp\/v2\/pages\/4","targetHints":{"allow":["GET"]}}],"collection":[{"href":"https:\/\/sophiensaele.podcaster.de\/index.php\/wp-json\/wp\/v2\/pages"}],"about":[{"href":"https:\/\/sophiensaele.podcaster.de\/index.php\/wp-json\/wp\/v2\/types\/page"}],"author":[{"embeddable":true,"href":"https:\/\/sophiensaele.podcaster.de\/index.php\/wp-json\/wp\/v2\/users\/11750"}],"replies":[{"embeddable":true,"href":"https:\/\/sophiensaele.podcaster.de\/index.php\/wp-json\/wp\/v2\/comments?post=4"}],"version-history":[{"count":3,"href":"https:\/\/sophiensaele.podcaster.de\/index.php\/wp-json\/wp\/v2\/pages\/4\/revisions"}],"predecessor-version":[{"id":166,"href":"https:\/\/sophiensaele.podcaster.de\/index.php\/wp-json\/wp\/v2\/pages\/4\/revisions\/166"}],"wp:attachment":[{"href":"https:\/\/sophiensaele.podcaster.de\/index.php\/wp-json\/wp\/v2\/media?parent=4"}],"curies":[{"name":"wp","href":"https:\/\/api.w.org\/{rel}","templated":true}]}}